{"id":1188,"date":"2021-11-15T23:48:16","date_gmt":"2021-11-15T16:48:16","guid":{"rendered":"https:\/\/noithatvietnamxuatkhau.com\/san-pham\/bo-giuong-ngu-mat-go\/"},"modified":"2026-01-07T05:50:01","modified_gmt":"2026-01-06T22:50:01","slug":"bo-giuong-ngu-mat-go","status":"publish","type":"product","link":"https:\/\/noithatvietnamxuatkhau.com\/en\/san-pham\/bo-giuong-ngu-mat-go\/","title":{"rendered":"B\u1ed9 Gi\u01b0\u1eddng Ng\u1ee7 M\u1eb7t G\u1ed7"},"content":{"rendered":"","protected":false},"excerpt":{"rendered":"","protected":false},"featured_media":778,"comment_status":"open","ping_status":"closed","template":"","meta":[],"product_cat":[124,125],"product_tag":[],"yoast_head":"<!-- This site is optimized with the Yoast SEO plugin v17.8 - https:\/\/yoast.com\/wordpress\/plugins\/seo\/ -->\n<title>B\u1ed9 gi\u01b0\u1eddng ng\u1ee7 m\u1eb7t g\u1ed7 hi\u1ec7n \u0111\u1ea1i<\/title>\n<meta name=\"description\" content=\"Kh\u00e1m ph\u00e1 b\u00ed quy\u1ebft \u0111\u1ec3 l\u1ef1a ch\u1ecdn b\u1ed9 gi\u01b0\u1eddng ng\u1ee7 cao c\u1ea5p, ch\u1ea5t l\u01b0\u1ee3ng v\u01b0\u1ee3t tr\u1ed9i, k\u1ebft h\u1ee3p v\u1edbi v\u1eadt li\u1ec7u g\u1ed7 t\u1ef1 nhi\u00ean, c\u00f3 \u0111\u1ed3 b\u1ec1n l\u00e2u d\u00e0i.\u200b\" \/>\n<meta name=\"robots\" content=\"index, follow, max-snippet:-1, max-image-preview:large, max-video-preview:-1\" \/>\n<link rel=\"canonical\" href=\"https:\/\/noithatvietnamxuatkhau.com\/en\/san-pham\/bo-giuong-ngu-mat-go\/\" \/>\n<meta property=\"og:locale\" content=\"en_US\" \/>\n<meta property=\"og:type\" content=\"article\" \/>\n<meta property=\"og:title\" content=\"B\u1ed9 gi\u01b0\u1eddng ng\u1ee7 m\u1eb7t g\u1ed7 hi\u1ec7n \u0111\u1ea1i\" \/>\n<meta property=\"og:description\" content=\"Kh\u00e1m ph\u00e1 b\u00ed quy\u1ebft \u0111\u1ec3 l\u1ef1a ch\u1ecdn b\u1ed9 gi\u01b0\u1eddng ng\u1ee7 cao c\u1ea5p, ch\u1ea5t l\u01b0\u1ee3ng v\u01b0\u1ee3t tr\u1ed9i, k\u1ebft h\u1ee3p v\u1edbi v\u1eadt li\u1ec7u g\u1ed7 t\u1ef1 nhi\u00ean, c\u00f3 \u0111\u1ed3 b\u1ec1n l\u00e2u d\u00e0i.\u200b\" \/>\n<meta property=\"og:url\" content=\"https:\/\/noithatvietnamxuatkhau.com\/en\/san-pham\/bo-giuong-ngu-mat-go\/\" \/>\n<meta property=\"og:site_name\" content=\"Troppicity\" \/>\n<meta property=\"article:modified_time\" content=\"2026-01-06T22:50:01+00:00\" \/>\n<meta property=\"og:image\" content=\"https:\/\/noithatvietnamxuatkhau.com\/wp-content\/uploads\/2021\/11\/g195-g2-1598501671-1598858773.jpeg\" \/>\n\t<meta property=\"og:image:width\" content=\"1200\" \/>\n\t<meta property=\"og:image:height\" content=\"1200\" \/>\n<meta name=\"twitter:card\" content=\"summary_large_image\" \/>\n<script type=\"application\/ld+json\" class=\"yoast-schema-graph\">{\"@context\":\"https:\/\/schema.org\",\"@graph\":[{\"@type\":\"WebSite\",\"@id\":\"https:\/\/noithatvietnamxuatkhau.com\/#website\",\"url\":\"https:\/\/noithatvietnamxuatkhau.com\/\",\"name\":\"Troppicity\",\"description\":\"\",\"potentialAction\":[{\"@type\":\"SearchAction\",\"target\":{\"@type\":\"EntryPoint\",\"urlTemplate\":\"https:\/\/noithatvietnamxuatkhau.com\/?s={search_term_string}\"},\"query-input\":\"required name=search_term_string\"}],\"inLanguage\":\"en\"},{\"@type\":\"ImageObject\",\"@id\":\"https:\/\/noithatvietnamxuatkhau.com\/en\/san-pham\/bo-giuong-ngu-mat-go\/#primaryimage\",\"inLanguage\":\"en\",\"url\":\"https:\/\/noithatvietnamxuatkhau.com\/wp-content\/uploads\/2021\/11\/g195-g2-1598501671-1598858773.jpeg\",\"contentUrl\":\"https:\/\/noithatvietnamxuatkhau.com\/wp-content\/uploads\/2021\/11\/g195-g2-1598501671-1598858773.jpeg\",\"width\":1200,\"height\":1200},{\"@type\":\"WebPage\",\"@id\":\"https:\/\/noithatvietnamxuatkhau.com\/en\/san-pham\/bo-giuong-ngu-mat-go\/#webpage\",\"url\":\"https:\/\/noithatvietnamxuatkhau.com\/en\/san-pham\/bo-giuong-ngu-mat-go\/\",\"name\":\"B\\u1ed9 gi\\u01b0\\u1eddng ng\\u1ee7 m\\u1eb7t g\\u1ed7 hi\\u1ec7n \\u0111\\u1ea1i\",\"isPartOf\":{\"@id\":\"https:\/\/noithatvietnamxuatkhau.com\/#website\"},\"primaryImageOfPage\":{\"@id\":\"https:\/\/noithatvietnamxuatkhau.com\/en\/san-pham\/bo-giuong-ngu-mat-go\/#primaryimage\"},\"datePublished\":\"2021-11-15T16:48:16+00:00\",\"dateModified\":\"2026-01-06T22:50:01+00:00\",\"description\":\"Kh\\u00e1m ph\\u00e1 b\\u00ed quy\\u1ebft \\u0111\\u1ec3 l\\u1ef1a ch\\u1ecdn b\\u1ed9 gi\\u01b0\\u1eddng ng\\u1ee7 cao c\\u1ea5p, ch\\u1ea5t l\\u01b0\\u1ee3ng v\\u01b0\\u1ee3t tr\\u1ed9i, k\\u1ebft h\\u1ee3p v\\u1edbi v\\u1eadt li\\u1ec7u g\\u1ed7 t\\u1ef1 nhi\\u00ean, c\\u00f3 \\u0111\\u1ed3 b\\u1ec1n l\\u00e2u d\\u00e0i.\\u200b\",\"breadcrumb\":{\"@id\":\"https:\/\/noithatvietnamxuatkhau.com\/en\/san-pham\/bo-giuong-ngu-mat-go\/#breadcrumb\"},\"inLanguage\":\"en\",\"potentialAction\":[{\"@type\":\"ReadAction\",\"target\":[\"https:\/\/noithatvietnamxuatkhau.com\/en\/san-pham\/bo-giuong-ngu-mat-go\/\"]}]},{\"@type\":\"BreadcrumbList\",\"@id\":\"https:\/\/noithatvietnamxuatkhau.com\/en\/san-pham\/bo-giuong-ngu-mat-go\/#breadcrumb\",\"itemListElement\":[{\"@type\":\"ListItem\",\"position\":1,\"name\":\"Home\",\"item\":\"https:\/\/noithatvietnamxuatkhau.com\/en\/\"},{\"@type\":\"ListItem\",\"position\":2,\"name\":\"C\\u1eeda h\\u00e0ng\",\"item\":\"https:\/\/noithatvietnamxuatkhau.com\/cua-hang\/\"},{\"@type\":\"ListItem\",\"position\":3,\"name\":\"B\\u1ed9 Gi\\u01b0\\u1eddng Ng\\u1ee7 M\\u1eb7t G\\u1ed7\"}]}]}<\/script>\n<!-- \/ Yoast SEO plugin. -->","yoast_head_json":{"title":"B\u1ed9 gi\u01b0\u1eddng ng\u1ee7 m\u1eb7t g\u1ed7 hi\u1ec7n \u0111\u1ea1i","description":"Kh\u00e1m ph\u00e1 b\u00ed quy\u1ebft \u0111\u1ec3 l\u1ef1a ch\u1ecdn b\u1ed9 gi\u01b0\u1eddng ng\u1ee7 cao c\u1ea5p, ch\u1ea5t l\u01b0\u1ee3ng v\u01b0\u1ee3t tr\u1ed9i, k\u1ebft h\u1ee3p v\u1edbi v\u1eadt li\u1ec7u g\u1ed7 t\u1ef1 nhi\u00ean, c\u00f3 \u0111\u1ed3 b\u1ec1n l\u00e2u d\u00e0i.\u200b","robots":{"index":"index","follow":"follow","max-snippet":"max-snippet:-1","max-image-preview":"max-image-preview:large","max-video-preview":"max-video-preview:-1"},"canonical":"https:\/\/noithatvietnamxuatkhau.com\/en\/san-pham\/bo-giuong-ngu-mat-go\/","og_locale":"en_US","og_type":"article","og_title":"B\u1ed9 gi\u01b0\u1eddng ng\u1ee7 m\u1eb7t g\u1ed7 hi\u1ec7n \u0111\u1ea1i","og_description":"Kh\u00e1m ph\u00e1 b\u00ed quy\u1ebft \u0111\u1ec3 l\u1ef1a ch\u1ecdn b\u1ed9 gi\u01b0\u1eddng ng\u1ee7 cao c\u1ea5p, ch\u1ea5t l\u01b0\u1ee3ng v\u01b0\u1ee3t tr\u1ed9i, k\u1ebft h\u1ee3p v\u1edbi v\u1eadt li\u1ec7u g\u1ed7 t\u1ef1 nhi\u00ean, c\u00f3 \u0111\u1ed3 b\u1ec1n l\u00e2u d\u00e0i.\u200b","og_url":"https:\/\/noithatvietnamxuatkhau.com\/en\/san-pham\/bo-giuong-ngu-mat-go\/","og_site_name":"Troppicity","article_modified_time":"2026-01-06T22:50:01+00:00","og_image":[{"width":1200,"height":1200,"url":"https:\/\/noithatvietnamxuatkhau.com\/wp-content\/uploads\/2021\/11\/g195-g2-1598501671-1598858773.jpeg","type":"image\/jpeg"}],"twitter_card":"summary_large_image","schema":{"@context":"https:\/\/schema.org","@graph":[{"@type":"WebSite","@id":"https:\/\/noithatvietnamxuatkhau.com\/#website","url":"https:\/\/noithatvietnamxuatkhau.com\/","name":"Troppicity","description":"","potentialAction":[{"@type":"SearchAction","target":{"@type":"EntryPoint","urlTemplate":"https:\/\/noithatvietnamxuatkhau.com\/?s={search_term_string}"},"query-input":"required name=search_term_string"}],"inLanguage":"en"},{"@type":"ImageObject","@id":"https:\/\/noithatvietnamxuatkhau.com\/en\/san-pham\/bo-giuong-ngu-mat-go\/#primaryimage","inLanguage":"en","url":"https:\/\/noithatvietnamxuatkhau.com\/wp-content\/uploads\/2021\/11\/g195-g2-1598501671-1598858773.jpeg","contentUrl":"https:\/\/noithatvietnamxuatkhau.com\/wp-content\/uploads\/2021\/11\/g195-g2-1598501671-1598858773.jpeg","width":1200,"height":1200},{"@type":"WebPage","@id":"https:\/\/noithatvietnamxuatkhau.com\/en\/san-pham\/bo-giuong-ngu-mat-go\/#webpage","url":"https:\/\/noithatvietnamxuatkhau.com\/en\/san-pham\/bo-giuong-ngu-mat-go\/","name":"B\u1ed9 gi\u01b0\u1eddng ng\u1ee7 m\u1eb7t g\u1ed7 hi\u1ec7n \u0111\u1ea1i","isPartOf":{"@id":"https:\/\/noithatvietnamxuatkhau.com\/#website"},"primaryImageOfPage":{"@id":"https:\/\/noithatvietnamxuatkhau.com\/en\/san-pham\/bo-giuong-ngu-mat-go\/#primaryimage"},"datePublished":"2021-11-15T16:48:16+00:00","dateModified":"2026-01-06T22:50:01+00:00","description":"Kh\u00e1m ph\u00e1 b\u00ed quy\u1ebft \u0111\u1ec3 l\u1ef1a ch\u1ecdn b\u1ed9 gi\u01b0\u1eddng ng\u1ee7 cao c\u1ea5p, ch\u1ea5t l\u01b0\u1ee3ng v\u01b0\u1ee3t tr\u1ed9i, k\u1ebft h\u1ee3p v\u1edbi v\u1eadt li\u1ec7u g\u1ed7 t\u1ef1 nhi\u00ean, c\u00f3 \u0111\u1ed3 b\u1ec1n l\u00e2u d\u00e0i.\u200b","breadcrumb":{"@id":"https:\/\/noithatvietnamxuatkhau.com\/en\/san-pham\/bo-giuong-ngu-mat-go\/#breadcrumb"},"inLanguage":"en","potentialAction":[{"@type":"ReadAction","target":["https:\/\/noithatvietnamxuatkhau.com\/en\/san-pham\/bo-giuong-ngu-mat-go\/"]}]},{"@type":"BreadcrumbList","@id":"https:\/\/noithatvietnamxuatkhau.com\/en\/san-pham\/bo-giuong-ngu-mat-go\/#breadcrumb","itemListElement":[{"@type":"ListItem","position":1,"name":"Home","item":"https:\/\/noithatvietnamxuatkhau.com\/en\/"},{"@type":"ListItem","position":2,"name":"C\u1eeda h\u00e0ng","item":"https:\/\/noithatvietnamxuatkhau.com\/cua-hang\/"},{"@type":"ListItem","position":3,"name":"B\u1ed9 Gi\u01b0\u1eddng Ng\u1ee7 M\u1eb7t G\u1ed7"}]}]}},"_links":{"self":[{"href":"https:\/\/noithatvietnamxuatkhau.com\/en\/wp-json\/wp\/v2\/product\/1188"}],"collection":[{"href":"https:\/\/noithatvietnamxuatkhau.com\/en\/wp-json\/wp\/v2\/product"}],"about":[{"href":"https:\/\/noithatvietnamxuatkhau.com\/en\/wp-json\/wp\/v2\/types\/product"}],"replies":[{"embeddable":true,"href":"https:\/\/noithatvietnamxuatkhau.com\/en\/wp-json\/wp\/v2\/comments?post=1188"}],"wp:featuredmedia":[{"embeddable":true,"href":"https:\/\/noithatvietnamxuatkhau.com\/en\/wp-json\/wp\/v2\/media\/778"}],"wp:attachment":[{"href":"https:\/\/noithatvietnamxuatkhau.com\/en\/wp-json\/wp\/v2\/media?parent=1188"}],"wp:term":[{"taxonomy":"product_cat","embeddable":true,"href":"https:\/\/noithatvietnamxuatkhau.com\/en\/wp-json\/wp\/v2\/product_cat?post=1188"},{"taxonomy":"product_tag","embeddable":true,"href":"https:\/\/noithatvietnamxuatkhau.com\/en\/wp-json\/wp\/v2\/product_tag?post=1188"}],"curies":[{"name":"wp","href":"https:\/\/api.w.org\/{rel}","templated":true}]}}