{"id":1153,"date":"2021-12-15T15:00:29","date_gmt":"2021-12-15T08:00:29","guid":{"rendered":"https:\/\/noithatvietnamxuatkhau.com\/danh-sach-catalogue\/"},"modified":"2024-08-08T17:14:52","modified_gmt":"2024-08-08T10:14:52","slug":"danh-sach-catalogue","status":"publish","type":"page","link":"https:\/\/noithatvietnamxuatkhau.com\/en\/danh-sach-catalogue\/","title":{"rendered":"Danh s\u00e1ch catalogue"},"content":{"rendered":"","protected":false},"excerpt":{"rendered":"","protected":false},"author":2,"featured_media":0,"parent":0,"menu_order":0,"comment_status":"closed","ping_status":"closed","template":"templates\/template-list-catalogue.php","meta":[],"yoast_head":"<!-- This site is optimized with the Yoast SEO plugin v17.8 - https:\/\/yoast.com\/wordpress\/plugins\/seo\/ -->\n<title>Danh s\u00e1ch catalogue<\/title>\n<meta name=\"description\" content=\"C\u00e1c danh s\u00e1ch catalogue v\u1ec1 t\u1ea5t c\u1ea3 s\u1ea3n ph\u1ea9m c\u1ee7a ch\u00fang t\u00f4i s\u1ebd lu\u00f4n \u0111\u01b0\u1ee3c c\u1eadp nh\u1eadt t\u1ea1i \u0111\u00e2y \u0111\u1ec3 qu\u00fd kh\u00e1ch h\u00e0ng c\u00f3 th\u1ec3 ti\u1ec7n theo d\u00f5i\" \/>\n<meta name=\"robots\" content=\"index, follow, max-snippet:-1, max-image-preview:large, max-video-preview:-1\" \/>\n<link rel=\"canonical\" href=\"https:\/\/noithatvietnamxuatkhau.com\/en\/danh-sach-catalogue\/\" \/>\n<meta property=\"og:locale\" content=\"en_US\" \/>\n<meta property=\"og:type\" content=\"article\" \/>\n<meta property=\"og:title\" content=\"Danh s\u00e1ch catalogue\" \/>\n<meta property=\"og:description\" content=\"C\u00e1c danh s\u00e1ch catalogue v\u1ec1 t\u1ea5t c\u1ea3 s\u1ea3n ph\u1ea9m c\u1ee7a ch\u00fang t\u00f4i s\u1ebd lu\u00f4n \u0111\u01b0\u1ee3c c\u1eadp nh\u1eadt t\u1ea1i \u0111\u00e2y \u0111\u1ec3 qu\u00fd kh\u00e1ch h\u00e0ng c\u00f3 th\u1ec3 ti\u1ec7n theo d\u00f5i\" \/>\n<meta property=\"og:url\" content=\"https:\/\/noithatvietnamxuatkhau.com\/en\/danh-sach-catalogue\/\" \/>\n<meta property=\"og:site_name\" content=\"Troppicity\" \/>\n<meta property=\"article:modified_time\" content=\"2024-08-08T10:14:52+00:00\" \/>\n<meta name=\"twitter:card\" content=\"summary_large_image\" \/>\n<script type=\"application\/ld+json\" class=\"yoast-schema-graph\">{\"@context\":\"https:\/\/schema.org\",\"@graph\":[{\"@type\":\"WebSite\",\"@id\":\"https:\/\/noithatvietnamxuatkhau.com\/#website\",\"url\":\"https:\/\/noithatvietnamxuatkhau.com\/\",\"name\":\"Troppicity\",\"description\":\"\",\"potentialAction\":[{\"@type\":\"SearchAction\",\"target\":{\"@type\":\"EntryPoint\",\"urlTemplate\":\"https:\/\/noithatvietnamxuatkhau.com\/?s={search_term_string}\"},\"query-input\":\"required name=search_term_string\"}],\"inLanguage\":\"en\"},{\"@type\":\"WebPage\",\"@id\":\"https:\/\/noithatvietnamxuatkhau.com\/en\/danh-sach-catalogue\/#webpage\",\"url\":\"https:\/\/noithatvietnamxuatkhau.com\/en\/danh-sach-catalogue\/\",\"name\":\"Danh s\\u00e1ch catalogue\",\"isPartOf\":{\"@id\":\"https:\/\/noithatvietnamxuatkhau.com\/#website\"},\"datePublished\":\"2021-12-15T08:00:29+00:00\",\"dateModified\":\"2024-08-08T10:14:52+00:00\",\"description\":\"C\\u00e1c danh s\\u00e1ch catalogue v\\u1ec1 t\\u1ea5t c\\u1ea3 s\\u1ea3n ph\\u1ea9m c\\u1ee7a ch\\u00fang t\\u00f4i s\\u1ebd lu\\u00f4n \\u0111\\u01b0\\u1ee3c c\\u1eadp nh\\u1eadt t\\u1ea1i \\u0111\\u00e2y \\u0111\\u1ec3 qu\\u00fd kh\\u00e1ch h\\u00e0ng c\\u00f3 th\\u1ec3 ti\\u1ec7n theo d\\u00f5i\",\"breadcrumb\":{\"@id\":\"https:\/\/noithatvietnamxuatkhau.com\/en\/danh-sach-catalogue\/#breadcrumb\"},\"inLanguage\":\"en\",\"potentialAction\":[{\"@type\":\"ReadAction\",\"target\":[\"https:\/\/noithatvietnamxuatkhau.com\/en\/danh-sach-catalogue\/\"]}]},{\"@type\":\"BreadcrumbList\",\"@id\":\"https:\/\/noithatvietnamxuatkhau.com\/en\/danh-sach-catalogue\/#breadcrumb\",\"itemListElement\":[{\"@type\":\"ListItem\",\"position\":1,\"name\":\"Home\",\"item\":\"https:\/\/noithatvietnamxuatkhau.com\/en\/\"},{\"@type\":\"ListItem\",\"position\":2,\"name\":\"Danh s\\u00e1ch catalogue\"}]}]}<\/script>\n<!-- \/ Yoast SEO plugin. -->","yoast_head_json":{"title":"Danh s\u00e1ch catalogue","description":"C\u00e1c danh s\u00e1ch catalogue v\u1ec1 t\u1ea5t c\u1ea3 s\u1ea3n ph\u1ea9m c\u1ee7a ch\u00fang t\u00f4i s\u1ebd lu\u00f4n \u0111\u01b0\u1ee3c c\u1eadp nh\u1eadt t\u1ea1i \u0111\u00e2y \u0111\u1ec3 qu\u00fd kh\u00e1ch h\u00e0ng c\u00f3 th\u1ec3 ti\u1ec7n theo d\u00f5i","robots":{"index":"index","follow":"follow","max-snippet":"max-snippet:-1","max-image-preview":"max-image-preview:large","max-video-preview":"max-video-preview:-1"},"canonical":"https:\/\/noithatvietnamxuatkhau.com\/en\/danh-sach-catalogue\/","og_locale":"en_US","og_type":"article","og_title":"Danh s\u00e1ch catalogue","og_description":"C\u00e1c danh s\u00e1ch catalogue v\u1ec1 t\u1ea5t c\u1ea3 s\u1ea3n ph\u1ea9m c\u1ee7a ch\u00fang t\u00f4i s\u1ebd lu\u00f4n \u0111\u01b0\u1ee3c c\u1eadp nh\u1eadt t\u1ea1i \u0111\u00e2y \u0111\u1ec3 qu\u00fd kh\u00e1ch h\u00e0ng c\u00f3 th\u1ec3 ti\u1ec7n theo d\u00f5i","og_url":"https:\/\/noithatvietnamxuatkhau.com\/en\/danh-sach-catalogue\/","og_site_name":"Troppicity","article_modified_time":"2024-08-08T10:14:52+00:00","twitter_card":"summary_large_image","schema":{"@context":"https:\/\/schema.org","@graph":[{"@type":"WebSite","@id":"https:\/\/noithatvietnamxuatkhau.com\/#website","url":"https:\/\/noithatvietnamxuatkhau.com\/","name":"Troppicity","description":"","potentialAction":[{"@type":"SearchAction","target":{"@type":"EntryPoint","urlTemplate":"https:\/\/noithatvietnamxuatkhau.com\/?s={search_term_string}"},"query-input":"required name=search_term_string"}],"inLanguage":"en"},{"@type":"WebPage","@id":"https:\/\/noithatvietnamxuatkhau.com\/en\/danh-sach-catalogue\/#webpage","url":"https:\/\/noithatvietnamxuatkhau.com\/en\/danh-sach-catalogue\/","name":"Danh s\u00e1ch catalogue","isPartOf":{"@id":"https:\/\/noithatvietnamxuatkhau.com\/#website"},"datePublished":"2021-12-15T08:00:29+00:00","dateModified":"2024-08-08T10:14:52+00:00","description":"C\u00e1c danh s\u00e1ch catalogue v\u1ec1 t\u1ea5t c\u1ea3 s\u1ea3n ph\u1ea9m c\u1ee7a ch\u00fang t\u00f4i s\u1ebd lu\u00f4n \u0111\u01b0\u1ee3c c\u1eadp nh\u1eadt t\u1ea1i \u0111\u00e2y \u0111\u1ec3 qu\u00fd kh\u00e1ch h\u00e0ng c\u00f3 th\u1ec3 ti\u1ec7n theo d\u00f5i","breadcrumb":{"@id":"https:\/\/noithatvietnamxuatkhau.com\/en\/danh-sach-catalogue\/#breadcrumb"},"inLanguage":"en","potentialAction":[{"@type":"ReadAction","target":["https:\/\/noithatvietnamxuatkhau.com\/en\/danh-sach-catalogue\/"]}]},{"@type":"BreadcrumbList","@id":"https:\/\/noithatvietnamxuatkhau.com\/en\/danh-sach-catalogue\/#breadcrumb","itemListElement":[{"@type":"ListItem","position":1,"name":"Home","item":"https:\/\/noithatvietnamxuatkhau.com\/en\/"},{"@type":"ListItem","position":2,"name":"Danh s\u00e1ch catalogue"}]}]}},"_links":{"self":[{"href":"https:\/\/noithatvietnamxuatkhau.com\/en\/wp-json\/wp\/v2\/pages\/1153"}],"collection":[{"href":"https:\/\/noithatvietnamxuatkhau.com\/en\/wp-json\/wp\/v2\/pages"}],"about":[{"href":"https:\/\/noithatvietnamxuatkhau.com\/en\/wp-json\/wp\/v2\/types\/page"}],"author":[{"embeddable":true,"href":"https:\/\/noithatvietnamxuatkhau.com\/en\/wp-json\/wp\/v2\/users\/2"}],"replies":[{"embeddable":true,"href":"https:\/\/noithatvietnamxuatkhau.com\/en\/wp-json\/wp\/v2\/comments?post=1153"}],"version-history":[{"count":25,"href":"https:\/\/noithatvietnamxuatkhau.com\/en\/wp-json\/wp\/v2\/pages\/1153\/revisions"}],"predecessor-version":[{"id":3098,"href":"https:\/\/noithatvietnamxuatkhau.com\/en\/wp-json\/wp\/v2\/pages\/1153\/revisions\/3098"}],"wp:attachment":[{"href":"https:\/\/noithatvietnamxuatkhau.com\/en\/wp-json\/wp\/v2\/media?parent=1153"}],"curies":[{"name":"wp","href":"https:\/\/api.w.org\/{rel}","templated":true}]}}